{"id":157,"date":"2021-12-07T10:58:37","date_gmt":"2021-12-07T09:58:37","guid":{"rendered":"http:\/\/www.destinaction.fr\/?p=157"},"modified":"2024-10-04T12:54:46","modified_gmt":"2024-10-04T10:54:46","slug":"quelles-formations-proposons-nous","status":"publish","type":"page","link":"https:\/\/www.destinaction.fr\/index.php\/quelles-formations-proposons-nous\/","title":{"rendered":"Formations"},"content":{"rendered":"<div class=\"wp-block-image\">\n<figure class=\"aligncenter size-large is-resized\"><img loading=\"lazy\" decoding=\"async\" width=\"1024\" height=\"683\" src=\"http:\/\/www.destinaction.fr\/wp-content\/uploads\/2024\/01\/pexels-kampus-production-8636606-1024x683.jpg\" alt=\"\" class=\"wp-image-373\" style=\"width:508px;height:auto\" srcset=\"https:\/\/www.destinaction.fr\/wp-content\/uploads\/2024\/01\/pexels-kampus-production-8636606-1024x683.jpg 1024w, https:\/\/www.destinaction.fr\/wp-content\/uploads\/2024\/01\/pexels-kampus-production-8636606-300x200.jpg 300w, https:\/\/www.destinaction.fr\/wp-content\/uploads\/2024\/01\/pexels-kampus-production-8636606-768x513.jpg 768w, https:\/\/www.destinaction.fr\/wp-content\/uploads\/2024\/01\/pexels-kampus-production-8636606-1536x1025.jpg 1536w, https:\/\/www.destinaction.fr\/wp-content\/uploads\/2024\/01\/pexels-kampus-production-8636606-2048x1367.jpg 2048w, https:\/\/www.destinaction.fr\/wp-content\/uploads\/2024\/01\/pexels-kampus-production-8636606-90x60.jpg 90w, https:\/\/www.destinaction.fr\/wp-content\/uploads\/2024\/01\/pexels-kampus-production-8636606-420x280.jpg 420w\" sizes=\"auto, (max-width: 1024px) 100vw, 1024px\" \/><\/figure>\n<\/div>\n\n\n<h5 class=\"wp-block-heading\">Pourquoi se former ou former ses collaborateurs ?<\/h5>\n\n\n\n<ol class=\"wp-block-list\">\n<li><strong>Se Former c&rsquo;est s&rsquo;adapter<\/strong> : d\u00e9marrer une formation montre votre envie d\u2019\u00e9volution et votre\u00a0capacit\u00e9 d\u2019adaptation\u00a0au monde actuel<\/li>\n\n\n\n<li><strong>Se former c&rsquo;est \u00e9voluer<\/strong> : se sp\u00e9cialiser dans son domaine d\u2019activit\u00e9 actuel ou se former \u00e0 une nouvelle discipline, vous permet d\u2019\u00e9voluer d\u2019un point de vue professionnel. Mais aussi personnel !<\/li>\n\n\n\n<li><strong>Se former c&rsquo;est s&rsquo;\u00e9panouir<\/strong> : la formation peut \u00eatre une mani\u00e8re pour vous de trouver quelque chose que vous n\u2019aviez pas jusqu\u2019\u00e0 pr\u00e9sent.<\/li>\n\n\n\n<li><strong>Se former c&rsquo;est devenir plus comp\u00e9titif<\/strong> : Une carri\u00e8re professionnelle ne reste pas statique et vous non plus ! Se lancer dans une formation montre aussi votre capacit\u00e9 \u00e0\u00a0faire preuve d\u2019initiative. Pour rester dans la course, c\u2019est une des comp\u00e9tence n\u00e9cessaire pour votre envie d\u2019\u00e9volution.<\/li>\n\n\n\n<li><strong>Se former c&rsquo;est investir sur soi <\/strong>: m\u00eame si la formation ne vous apporte les r\u00e9sultats que nous esp\u00e9riez, vous formez vous apportera toujours quelque chose.<\/li>\n<\/ol>\n\n\n\n<p>Pour les entreprises il s&rsquo;agit d&rsquo;une <strong>obligation l\u00e9gale<\/strong>.\u00a0Parfois n\u00e9glig\u00e9e, et pourtant indispensable, la formation professionnelle contribue \u00e0 la <strong>performance des entreprises\u00a0<\/strong>sur des march\u00e9s de plus en plus concurrentiels.<\/p>\n\n\n\n<p>Vous souhaitez en savoir plus sur vos obligations et comprendre l\u2019int\u00e9r\u00eat de vous former ou former vos salari\u00e9s ?\u00a0<\/p>\n\n\n\n<h5 class=\"wp-block-heading\">A qui s&rsquo;adressent les formations DESTINACTION ?<\/h5>\n\n\n\n<p>Entreprises : salari\u00e9(e), Chefs d&rsquo;entreprise, managers, ressources humaines, <\/p>\n\n\n\n<p>Demandeur(euse) d\u2019emploi, \u00e9tudiants, &#8230;<\/p>\n\n\n\n<p class=\"has-text-align-center\"><strong>Formez-vous \u00e0 votre rythme dans diff\u00e9rents domaines de comp\u00e9tences !<\/strong><\/p>\n\n\n\n<ol class=\"wp-block-list\"><\/ol>\n\n\n\n<p>Notre offre de formation s&rsquo;articule autour de diff\u00e9rents modules. Nous vous proposons un pack complet ou la possibilit\u00e9 de choisir vos modules.<\/p>\n\n\n\n<p>Chacune de nos prestations sera adapt\u00e9e \u00e0 vos besoins. <\/p>\n\n\n\n<p>Exemples de modules : <\/p>\n\n\n\n<ul class=\"wp-block-list\">\n<li>Communication <\/li>\n\n\n\n<li>Management <\/li>\n\n\n\n<li>Leadership<\/li>\n\n\n\n<li>Gestion du temps et des priorit\u00e9s<\/li>\n\n\n\n<li>L\u2019art du feedback<\/li>\n\n\n\n<li>La gestion des \u00e9motions<\/li>\n<\/ul>\n\n\n\n<h5 class=\"wp-block-heading\">BESOIN D\u2019UNE FORMATION ? D\u2019UN DEVIS PERSONNALISE ? DISCUTONS-EN !<\/h5>\n\n\n\n<p>Parlons de votre projet par t\u00e9l\u00e9phone lors de notre\u00a0<strong>premier \u00e9change GRATUIT<\/strong><\/p>\n\n\n\n<div class=\"wp-block-buttons is-layout-flex wp-block-buttons-is-layout-flex\">\n<div class=\"wp-block-button\"><a class=\"wp-block-button__link wp-element-button\">Appelez le 06.59.77.69.94<\/a><\/div>\n<\/div>\n\n\n\n<p>Ou n&rsquo;h\u00e9sitez pas \u00e0 <a href=\"https:\/\/www.destinaction.fr\/index.php\/2021\/12\/07\/comment-nous-contacter\/\" data-type=\"post\" data-id=\"169\">nous contacter <\/a>via le formulaire.<\/p>\n\n\n\n<p>Nos experts sont \u00e0 votre \u00e9coute.<\/p>\n\n\n\n<p>Ce sera l&rsquo;occasion d&rsquo;\u00e9changer sur vos besoins, et de nous poser toutes vos questions.<\/p>\n\n\n\n<div class=\"wp-block-group is-nowrap is-layout-flex wp-container-core-group-is-layout-ad2f72ca wp-block-group-is-layout-flex\">\n<p>Destinaction s\u2019engage \u00e0 proposer des prestations ouvertes \u00e0 tous. Pour tout besoin d\u2019am\u00e9nagement, merci de nous <a href=\"https:\/\/www.destinaction.fr\/index.php\/comment-nous-contacter\/\" data-type=\"page\" data-id=\"169\">contacter<\/a>\u00a0pour construire ensemble un parcours adapt\u00e9 et personnalis\u00e9.<\/p>\n\n\n\n<figure class=\"wp-block-image size-full is-resized\"><img loading=\"lazy\" decoding=\"async\" width=\"600\" height=\"600\" src=\"https:\/\/www.destinaction.fr\/wp-content\/uploads\/2024\/10\/sifr_pich4_1_std.lang_.all_.gif\" alt=\"\" class=\"wp-image-420\" style=\"width:71px;height:auto\"\/><\/figure>\n\n\n\n<p><\/p>\n<\/div>\n","protected":false},"excerpt":{"rendered":"<p>Pourquoi se former ou former ses collaborateurs ? Pour les entreprises il s&rsquo;agit d&rsquo;une obligation l\u00e9gale.\u00a0Parfois n\u00e9glig\u00e9e, et pourtant indispensable, la formation professionnelle contribue \u00e0 &hellip; <\/p>\n","protected":false},"author":1,"featured_media":0,"parent":0,"menu_order":0,"comment_status":"open","ping_status":"open","template":"","meta":{"footnotes":""},"class_list":["post-157","page","type-page","status-publish","hentry","latest_post"],"jetpack_sharing_enabled":true,"_links":{"self":[{"href":"https:\/\/www.destinaction.fr\/index.php\/wp-json\/wp\/v2\/pages\/157","targetHints":{"allow":["GET"]}}],"collection":[{"href":"https:\/\/www.destinaction.fr\/index.php\/wp-json\/wp\/v2\/pages"}],"about":[{"href":"https:\/\/www.destinaction.fr\/index.php\/wp-json\/wp\/v2\/types\/page"}],"author":[{"embeddable":true,"href":"https:\/\/www.destinaction.fr\/index.php\/wp-json\/wp\/v2\/users\/1"}],"replies":[{"embeddable":true,"href":"https:\/\/www.destinaction.fr\/index.php\/wp-json\/wp\/v2\/comments?post=157"}],"version-history":[{"count":6,"href":"https:\/\/www.destinaction.fr\/index.php\/wp-json\/wp\/v2\/pages\/157\/revisions"}],"predecessor-version":[{"id":421,"href":"https:\/\/www.destinaction.fr\/index.php\/wp-json\/wp\/v2\/pages\/157\/revisions\/421"}],"wp:attachment":[{"href":"https:\/\/www.destinaction.fr\/index.php\/wp-json\/wp\/v2\/media?parent=157"}],"curies":[{"name":"wp","href":"https:\/\/api.w.org\/{rel}","templated":true}]}}