{"id":211,"date":"2021-12-31T12:14:21","date_gmt":"2021-12-31T11:14:21","guid":{"rendered":"https:\/\/www.destinaction.fr\/?p=211"},"modified":"2024-01-28T11:48:48","modified_gmt":"2024-01-28T10:48:48","slug":"atelier-de-co-developpement","status":"publish","type":"page","link":"https:\/\/www.destinaction.fr\/index.php\/atelier-de-co-developpement\/","title":{"rendered":"Atelier de Co-d\u00e9veloppement"},"content":{"rendered":"\n<figure class=\"wp-block-image size-large\"><img loading=\"lazy\" decoding=\"async\" width=\"1024\" height=\"654\" src=\"http:\/\/www.destinaction.fr\/wp-content\/uploads\/2021\/12\/img_9987-1.png\" alt=\"\" class=\"wp-image-216\" srcset=\"https:\/\/www.destinaction.fr\/wp-content\/uploads\/2021\/12\/img_9987-1.png 1024w, https:\/\/www.destinaction.fr\/wp-content\/uploads\/2021\/12\/img_9987-1-300x192.png 300w, https:\/\/www.destinaction.fr\/wp-content\/uploads\/2021\/12\/img_9987-1-768x491.png 768w\" sizes=\"auto, (max-width: 1024px) 100vw, 1024px\" \/><\/figure>\n\n\n\n<p>Co-d\u00e9veloppement, mais c\u2019est quoi au juste ??<\/p>\n\n\n\n<p>Il s&rsquo;agit de s\u00e9ances de groupe (de 4 \u00e0 15 personnes), permettant d&rsquo;exp\u00e9rimenter l&rsquo;intelligence collective et de s&rsquo;apporter mutuellement, avec l&rsquo;appui d&rsquo;un ou plusieurs Coach(s) professionnel(s) certifi\u00e9(s). <\/p>\n\n\n\n<p><em>\u00ab Le groupe de cod\u00e9veloppement professionnel est une approche de d\u00e9veloppement pour des personnes qui croient pouvoir apprendre les unes des autres afin d&rsquo;am\u00e9liorer leur pratique. La r\u00e9flexion effectu\u00e9e, individuellement et en groupe, est favoris\u00e9e par un exercice structur\u00e9 de consultation qui porte sur des probl\u00e9matiques v\u00e9cues actuellement par les participants&#8230; \u00bb<br \/>Adrien PAYETTE, Claude CHAMPAGNE, PUQ, 1997<\/em><\/p>\n\n\n\n<p>Vous souhaitez exp\u00e9rimenter les ateliers de co-d\u00e9veloppement ? <\/p>\n\n\n\n<p>N\u2019h\u00e9sitez pas \u00e0 nous contacter afin d\u2019\u00e9changer ensemble ! <\/p>\n\n\n","protected":false},"excerpt":{"rendered":"<p>Co-d\u00e9veloppement, mais c\u2019est quoi au juste ?? Il s&rsquo;agit de s\u00e9ances de groupe (de 4 \u00e0 15 personnes), permettant d&rsquo;exp\u00e9rimenter l&rsquo;intelligence collective et de s&rsquo;apporter &hellip; <\/p>\n","protected":false},"author":1,"featured_media":0,"parent":0,"menu_order":0,"comment_status":"open","ping_status":"open","template":"","meta":{"footnotes":""},"class_list":["post-211","page","type-page","status-publish","hentry","latest_post"],"jetpack_sharing_enabled":true,"_links":{"self":[{"href":"https:\/\/www.destinaction.fr\/index.php\/wp-json\/wp\/v2\/pages\/211","targetHints":{"allow":["GET"]}}],"collection":[{"href":"https:\/\/www.destinaction.fr\/index.php\/wp-json\/wp\/v2\/pages"}],"about":[{"href":"https:\/\/www.destinaction.fr\/index.php\/wp-json\/wp\/v2\/types\/page"}],"author":[{"embeddable":true,"href":"https:\/\/www.destinaction.fr\/index.php\/wp-json\/wp\/v2\/users\/1"}],"replies":[{"embeddable":true,"href":"https:\/\/www.destinaction.fr\/index.php\/wp-json\/wp\/v2\/comments?post=211"}],"version-history":[{"count":5,"href":"https:\/\/www.destinaction.fr\/index.php\/wp-json\/wp\/v2\/pages\/211\/revisions"}],"predecessor-version":[{"id":232,"href":"https:\/\/www.destinaction.fr\/index.php\/wp-json\/wp\/v2\/pages\/211\/revisions\/232"}],"wp:attachment":[{"href":"https:\/\/www.destinaction.fr\/index.php\/wp-json\/wp\/v2\/media?parent=211"}],"curies":[{"name":"wp","href":"https:\/\/api.w.org\/{rel}","templated":true}]}}