{"id":266,"date":"2024-01-16T18:52:49","date_gmt":"2024-01-16T17:52:49","guid":{"rendered":"https:\/\/www.destinaction.fr\/?p=266"},"modified":"2024-07-20T19:11:05","modified_gmt":"2024-07-20T17:11:05","slug":"coaching","status":"publish","type":"page","link":"https:\/\/www.destinaction.fr\/index.php\/coaching\/","title":{"rendered":"Coaching"},"content":{"rendered":"\n<div class=\"wp-block-cover aligncenter\"><span aria-hidden=\"true\" class=\"wp-block-cover__background has-background-dim\"><\/span><img loading=\"lazy\" decoding=\"async\" width=\"1024\" height=\"683\" class=\"wp-block-cover__image-background wp-image-370\" alt=\"\" src=\"http:\/\/www.destinaction.fr\/wp-content\/uploads\/2024\/01\/pexels-pixabay-461593-1024x683.jpg\" data-object-fit=\"cover\" srcset=\"https:\/\/www.destinaction.fr\/wp-content\/uploads\/2024\/01\/pexels-pixabay-461593-1024x683.jpg 1024w, https:\/\/www.destinaction.fr\/wp-content\/uploads\/2024\/01\/pexels-pixabay-461593-300x200.jpg 300w, https:\/\/www.destinaction.fr\/wp-content\/uploads\/2024\/01\/pexels-pixabay-461593-768x512.jpg 768w, https:\/\/www.destinaction.fr\/wp-content\/uploads\/2024\/01\/pexels-pixabay-461593-1536x1024.jpg 1536w, https:\/\/www.destinaction.fr\/wp-content\/uploads\/2024\/01\/pexels-pixabay-461593-2048x1365.jpg 2048w, https:\/\/www.destinaction.fr\/wp-content\/uploads\/2024\/01\/pexels-pixabay-461593-90x60.jpg 90w, https:\/\/www.destinaction.fr\/wp-content\/uploads\/2024\/01\/pexels-pixabay-461593-420x280.jpg 420w\" sizes=\"auto, (max-width: 1024px) 100vw, 1024px\" \/><div class=\"wp-block-cover__inner-container is-layout-flow wp-block-cover-is-layout-flow\">\n<p class=\"has-text-align-center has-large-font-size\">Le bonheur n&rsquo;est pas au sommet de la montagne mais dans la fa\u00e7on de la gravir <\/p>\n\n\n\n<p class=\"has-text-align-center\">Confucius<\/p>\n<\/div><\/div>\n\n\n\n<p>Choisir un accompagnement en coaching, c&rsquo;est se mettre en mouvement aujourd&rsquo;hui pour construire son futur.<\/p>\n\n\n\n<p>Que votre probl\u00e9matique actuelle soit li\u00e9e :<\/p>\n\n\n\n<ul class=\"wp-block-list\">\n<li>\u00e0 un \u00e9v\u00e8nement marquant qui a chamboul\u00e9 l\u2019\u00e9quilibre de vos domaines de vie (changement professionnel, d\u00e9m\u00e9nagement, modification dans la sph\u00e8re personnelle comme une naissance, un d\u00e9c\u00e8s, une s\u00e9paration,&#8230;)<\/li>\n\n\n\n<li>ou \u00e0 une situation qui s\u2019est install\u00e9e petit \u00e0 petit, au fil du temps, jusqu\u2019\u00e0 ce qu\u2019elle devienne trop inconfortable et vous \u00e9loigne de vous-m\u00eame,<\/li>\n<\/ul>\n\n\n\n<p>Je vous accompagne \u00e0 transformer cette p\u00e9riode de questionnement et de transition en opportunit\u00e9 d&rsquo;\u00e9panouissement.<\/p>\n\n\n\n<p>Nouveau poste, projet de reconversion, changement de l&rsquo;\u00e9quilibre familial ou personnel,&#8230; Il est possible de faire \u00e9voluer sa vie sans tout r\u00e9volutionner, en prenant en compte tout ce qui compose notre \u00e9cosyst\u00e8me de vie !<\/p>\n\n\n\n<p>Vous \u00eates-vous d\u00e9j\u00e0 demand\u00e9 quoi faire, par o\u00f9 commencer, pour retrouver un quotidien qui vous correspond et vous nourrit ?<\/p>\n\n\n\n<p>Avez-vous d\u00e9j\u00e0 souhait\u00e9 trouver un espace, un temps pour vous, pour faire le point, afin de retrouver de la clart\u00e9 ?<\/p>\n\n\n\n<p>Si vous avez d\u00e9cid\u00e9 de reprendre les r\u00eanes de votre vie, de retrouver de la joie dans votre quotidien, de passer \u00e0 l\u2019action pour construire une vie qui vous ressemble, en prenant en compte tout ce qui fait partie de votre \u00e9cosyst\u00e8me aujourd\u2019hui, vous \u00eates au bon endroit !<\/p>\n\n\n\n<h3 class=\"wp-block-heading\">Pourquoi le coaching ?<\/h3>\n\n\n\n<ul class=\"wp-block-list\">\n<li>Pour vous construire une vie qui a du sens, gr\u00e2ce \u00e0 des outils vari\u00e9s<\/li>\n\n\n\n<li>Mieux vous conna\u00eetre pour identifier ce qui est bon pour vous.<\/li>\n\n\n\n<li>Pour \u00eatre capable de prendre soin de vous et mettre votre \u00e9nergie au bon endroit.<\/li>\n\n\n\n<li>Pour incarner qui vous voulez \u00eatre et vous sentir pleinement vivant(e).<\/li>\n\n\n\n<li>Pour vous affirmer au quotidien.<\/li>\n\n\n\n<li>Pour reprendre votre pouvoir personnel et prendre les d\u00e9cisions les plus justes pour vous.<\/li>\n\n\n\n<li>Pour enfin trouver un \u00e9quilibre de vie, align\u00e9, vibrant, qui vous nourrit sur tous les plans, qui vous apporte bien-\u00eatre et s\u00e9r\u00e9nit\u00e9.<\/li>\n<\/ul>\n\n\n\n<p>Discutons-en, le premier RDV pour \u00e9changer sur vos probl\u00e9matiques, vos besoins et vos attentes est gratuit. <\/p>\n\n\n\n<p><a href=\"https:\/\/www.destinaction.fr\/index.php\/2021\/12\/07\/comment-nous-contacter\/\" data-type=\"post\" data-id=\"169\">Prendre RDV<\/a><\/p>\n","protected":false},"excerpt":{"rendered":"<p>Choisir un accompagnement en coaching, c&rsquo;est se mettre en mouvement aujourd&rsquo;hui pour construire son futur. Que votre probl\u00e9matique actuelle soit li\u00e9e : Je vous accompagne &hellip; <\/p>\n","protected":false},"author":1,"featured_media":0,"parent":0,"menu_order":0,"comment_status":"open","ping_status":"open","template":"","meta":{"footnotes":""},"class_list":["post-266","page","type-page","status-publish","hentry","latest_post"],"jetpack_sharing_enabled":true,"_links":{"self":[{"href":"https:\/\/www.destinaction.fr\/index.php\/wp-json\/wp\/v2\/pages\/266","targetHints":{"allow":["GET"]}}],"collection":[{"href":"https:\/\/www.destinaction.fr\/index.php\/wp-json\/wp\/v2\/pages"}],"about":[{"href":"https:\/\/www.destinaction.fr\/index.php\/wp-json\/wp\/v2\/types\/page"}],"author":[{"embeddable":true,"href":"https:\/\/www.destinaction.fr\/index.php\/wp-json\/wp\/v2\/users\/1"}],"replies":[{"embeddable":true,"href":"https:\/\/www.destinaction.fr\/index.php\/wp-json\/wp\/v2\/comments?post=266"}],"version-history":[{"count":3,"href":"https:\/\/www.destinaction.fr\/index.php\/wp-json\/wp\/v2\/pages\/266\/revisions"}],"predecessor-version":[{"id":416,"href":"https:\/\/www.destinaction.fr\/index.php\/wp-json\/wp\/v2\/pages\/266\/revisions\/416"}],"wp:attachment":[{"href":"https:\/\/www.destinaction.fr\/index.php\/wp-json\/wp\/v2\/media?parent=266"}],"curies":[{"name":"wp","href":"https:\/\/api.w.org\/{rel}","templated":true}]}}