{"id":342,"date":"2024-01-28T15:41:24","date_gmt":"2024-01-28T14:41:24","guid":{"rendered":"http:\/\/www.destinaction.fr\/?page_id=342"},"modified":"2025-04-19T16:38:26","modified_gmt":"2025-04-19T14:38:26","slug":"mentions-legales","status":"publish","type":"page","link":"https:\/\/www.destinaction.fr\/index.php\/mentions-legales\/","title":{"rendered":"MENTIONS L\u00c9GALES"},"content":{"rendered":"\n<p><strong>1. Pr\u00e9sentation du site<\/strong><\/p>\n\n\n\n<p>Propri\u00e9taire du site : Ana\u00efs Gaussin<br>Repr\u00e9sentante SAS DESTINACTION<\/p>\n\n\n\n<p>433 Route de St Galmier 42210 Bellegarde en Forez<br>T\u00e9l\u00e9phone : +33(0)659776994<br>SIRET : 939 268 215 00018<br>N\u00b0 TVA intracommunautaire : FR53939268215<\/p>\n\n\n\n<p>H\u00e9bergement du site : OVH&nbsp;<\/p>\n\n\n\n<p>Si\u00e8ge social : 2 rue Kellermann &#8211; 59100 Roubaix &#8211; France<\/p>\n\n\n\n<p>OVH SAS est une filiale de la soci\u00e9t\u00e9 OVH Groupe SA, soci\u00e9t\u00e9 immatricul\u00e9e au RCS de Lille sous le num\u00e9ro 537 407 926 sise 2, rue Kellermann, 59100 Roubaix.<\/p>\n\n\n\n<p>T\u00e9l\u00e9phone : 08 203 203 63 ( 0.118 \u20ac\/mn) \u2013 Fax : + 33 (0) 3 20 20 09 58 \u2013 Site Internet : www.ovh.com &#8211; Hotline : http:\/\/ovh.com\/fr\/contact\/support\/&nbsp;<\/p>\n\n\n\n<p><strong>2. Cr\u00e9dits<\/strong><\/p>\n\n\n\n<p>R\u00e9dacteur en chef : Ana\u00efs Gaussin<\/p>\n\n\n\n<p>Conception du site : Ana\u00efs Gaussin<br>Cr\u00e9dits photo : Ana\u00efs Gaussin<\/p>\n\n\n\n<p>Les photographies pr\u00e9sentes sur ce site sont la propri\u00e9t\u00e9 d\u2019Ana\u00efs Gaussin. Les photos ne sont pas libres de droit.<\/p>\n\n\n\n<p><strong>3. Gestion et protection des donn\u00e9es<\/strong><\/p>\n\n\n\n<p>Les informations personnelles recueillies sur le site www.destinaction.fr servent uniquement dans le cadre des besoins de l\u2019activit\u00e9 du site (contact, informations clients, r\u00e9servations, paiements, lead magnets, newsletters\u2026). Les donn\u00e9es des utilisateurs sont trait\u00e9es directement par la propri\u00e9taire du site (et son \u00e9quipe) qui s\u2019engage \u00e0 ne jamais les c\u00e9der \u00e0 qui que ce soit d\u2019une fa\u00e7on ou d\u2019une autre.<\/p>\n\n\n\n<p>Chaque utilisateur b\u00e9n\u00e9ficie d\u2019un droit d\u2019acc\u00e8s, de rectification, droit \u00e0 la portabilit\u00e9 et au retrait de son consentement, droit qu\u2019il peut exercer \u00e0 tout moment par mail ou par courrier. En effet, depuis le 25 mai 2018, le r\u00e8glement g\u00e9n\u00e9ral sur la protection des donn\u00e9es (RGPD) est entr\u00e9 en application.<\/p>\n\n\n\n<p>Par ailleurs, en naviguant sur le site Elodie Andr\u00e9, l\u2019utilisateur accepte \u00e9galement l\u2019installation \u00e9ventuelle de cookies.<\/p>\n\n\n\n<p>Dans le cas o\u00f9 l\u2019utilisateur transmettrait son num\u00e9ro de t\u00e9l\u00e9phone, il a la possibilit\u00e9 de s\u2019inscrire \u00e0 la liste d\u2019opposition au d\u00e9marchage t\u00e9l\u00e9phonique, Bloctel.<\/p>\n\n\n\n<p><strong>4. Conditions d\u2019utilisation du site<\/strong><\/p>\n\n\n\n<p>L\u2019utilisation du site www.destinaction.fr implique l\u2019acceptation pleine et enti\u00e8re des conditions g\u00e9n\u00e9rales d\u2019utilisation ci-apr\u00e8s d\u00e9crites.<\/p>\n\n\n\n<p>L\u2019acc\u00e8s au site et son utilisation sont r\u00e9serv\u00e9s \u00e0 un usage strictement personnel. Vous vous engagez \u00e0 ne pas utiliser ce site et les informations ou donn\u00e9es qui y figurent \u00e0 des fins commerciales, politiques, publicitaires et pour toute forme de sollicitation commerciale et notamment l\u2019envoi de courriers \u00e9lectroniques non sollicit\u00e9s.<\/p>\n\n\n\n<p>Ce site est normalement accessible \u00e0 tout moment aux utilisateurs. Une interruption pour raison de maintenance technique peut \u00eatre toutefois d\u00e9cid\u00e9e par Ana\u00efs Gaussin, qui s\u2019efforcera alors de communiquer pr\u00e9alablement aux utilisateurs les dates et heures de l\u2019intervention.<\/p>\n\n\n\n<p>Les informations fournies sur ce site sont destin\u00e9es \u00e0 communiquer autour du d\u00e9veloppement personnel, de la formation et du coaching personnel et professionnel. Elles n\u2019ont pas pour objectif de remplacer une consultation m\u00e9dicale.<\/p>\n\n\n\n<p>Ana\u00efs Gaussin s\u2019efforce de fournir sur ce site des informations aussi pr\u00e9cises que possible. Toutefois, elle ne pourra \u00eatre tenue responsable des omissions, des inexactitudes et des carences dans la mise \u00e0 jour, qu\u2019elles soient de son fait ou du fait des tiers partenaires qui lui fournissent ces informations.<\/p>\n\n\n\n<p>Toutes les informations indiqu\u00e9es sur ce site sont donn\u00e9es \u00e0 titre indicatif, et sont susceptibles d\u2019\u00e9voluer. Par ailleurs, les renseignements figurant sur ce site ne sont pas exhaustifs. Ils sont donn\u00e9s sous r\u00e9serve de modifications ayant \u00e9t\u00e9 apport\u00e9es depuis leur mise en ligne.<\/p>\n\n\n\n<p>Ana\u00efs Gaussin ne pourra pas \u00eatre tenue responsable pour tout m\u00e9susage fait par les utilisateurs du contenu du site.<\/p>\n\n\n\n<p>Les commentaires d\u00e9pos\u00e9s sur le site sont de la responsabilit\u00e9 de leurs auteurs. En \u00e9crivant des commentaires sur le site, l\u2019utilisateur est soumis aux lois fran\u00e7aises. Les administrateurs du site se r\u00e9servent le droit de mod\u00e9rer, modifier ou supprimer tout commentaire.<\/p>\n\n\n\n<p><strong>5. Propri\u00e9t\u00e9 intellectuelle<\/strong><\/p>\n\n\n\n<p>Ana\u00efs Gaussin est propri\u00e9taire des droits de propri\u00e9t\u00e9 intellectuelle ou d\u00e9tient des droits d\u2019usage sur tout le contenu du site (notamment les textes, images, graphismes, logos, ic\u00f4nes, sons, vid\u00e9os, logiciels).<\/p>\n\n\n\n<p>Toute violation des droits d\u2019auteur est sanctionn\u00e9e par l\u2019article L.335-2 du Code de la Propri\u00e9t\u00e9 Intellectuelle.<\/p>\n\n\n\n<p>Toute reproduction (partielle ou totale) du contenu du site est interdite. Contactez-moi au pr\u00e9alable par mail si vous souhaitez utiliser le contenu du site.<\/p>\n\n\n\n<p><strong>6. Gestion du site<\/strong><\/p>\n\n\n\n<p>Ce site est mis \u00e0 jour r\u00e9guli\u00e8rement par Ana\u00efs Gaussin. De la m\u00eame fa\u00e7on, les mentions l\u00e9gales peuvent \u00eatre modifi\u00e9es \u00e0 tout moment : elles s\u2019imposent n\u00e9anmoins \u00e0 l\u2019utilisateur qui est invit\u00e9 \u00e0 s\u2019y r\u00e9f\u00e9rer le plus souvent possible afin d\u2019en prendre connaissance.<\/p>\n\n\n\n<p>Pour la bonne gestion du site, l\u2019\u00e9diteur pourra \u00e0 tout moment :<\/p>\n\n\n\n<ul class=\"wp-block-list\">\n<li>Supprimer toute information pouvant en perturber le fonctionnement ou entrant en contravention avec les lois nationales ou internationales, ou avec les r\u00e8gles de la N\u00e9tiquette ;<\/li>\n\n\n\n<li>Suspendre le site afin de proc\u00e9der \u00e0 des mises \u00e0 jour ;<\/li>\n\n\n\n<li>Suspendre, interrompre ou limiter l\u2019acc\u00e8s \u00e0 tout ou partie du site, r\u00e9server l\u2019acc\u00e8s au site, ou \u00e0 certaines parties du site, \u00e0 une cat\u00e9gorie d\u00e9termin\u00e9e d\u2019internautes.<\/li>\n<\/ul>\n\n\n\n<p><strong>7. Responsabilit\u00e9s<\/strong><\/p>\n\n\n\n<p>La responsabilit\u00e9 de l\u2019\u00e9diteur ne peut \u00eatre engag\u00e9e en cas de d\u00e9faillance, panne, difficult\u00e9 ou interruption de fonctionnement, emp\u00eachant l\u2019acc\u00e8s au site ou \u00e0 une de ses fonctionnalit\u00e9s.<\/p>\n\n\n\n<p>Le mat\u00e9riel de connexion au site que vous utilisez est sous votre enti\u00e8re responsabilit\u00e9. Vous devez prendre toutes les mesures appropri\u00e9es pour prot\u00e9ger votre mat\u00e9riel et vos propres donn\u00e9es notamment d\u2019attaques virales par Internet. Vous \u00eates par ailleurs seul responsable des sites et donn\u00e9es que vous consultez.<\/p>\n\n\n\n<p>L\u2019\u00e9diteur ne pourra \u00eatre tenu responsable en cas de poursuites judiciaires \u00e0 votre encontre :<\/p>\n\n\n\n<ul class=\"wp-block-list\">\n<li>Du fait de l\u2019usage du site ou de tout service accessible via Internet ;<\/li>\n\n\n\n<li>Du fait du non-respect par vous des pr\u00e9sentes conditions g\u00e9n\u00e9rales.<\/li>\n<\/ul>\n\n\n\n<p>L\u2019\u00e9diteur n\u2019est pas responsable des dommages caus\u00e9s \u00e0 vous-m\u00eame, \u00e0 des tiers et\/ou \u00e0 votre \u00e9quipement du fait de votre connexion ou de votre utilisation du site et vous renoncez \u00e0 toute action contre lui de ce fait.<\/p>\n\n\n\n<p>Si l\u2019\u00e9diteur venait \u00e0 faire l\u2019objet d\u2019une proc\u00e9dure amiable ou judiciaire \u00e0 raison de votre utilisation du site, il pourrait se retourner contre vous pour obtenir l\u2019indemnisation de tous les pr\u00e9judices, sommes, condamnations et frais qui pourraient d\u00e9couler de cette proc\u00e9dure.<\/p>\n\n\n\n<p><strong>8. Liens hypertextes et cookies<\/strong><\/p>\n\n\n\n<p>Ce site contient un certain nombre de liens hypertextes vers d\u2019autres sites, mis en place avec l\u2019autorisation d\u2019Ana\u00efs Gaussin. Cependant, Ana\u00efs Gaussin n\u2019a pas la possibilit\u00e9 de v\u00e9rifier le contenu des sites ainsi visit\u00e9s, et n\u2019assumera en cons\u00e9quence aucune responsabilit\u00e9 de ce fait.<\/p>\n\n\n\n<p>La navigation sur ce site est susceptible de provoquer l\u2019installation de cookie(s) sur l\u2019ordinateur de l\u2019utilisateur. Un cookie est un fichier de petite taille, qui ne permet pas l\u2019identification de l\u2019utilisateur, mais qui enregistre des informations relatives \u00e0 la navigation d\u2019un ordinateur sur un site. Les donn\u00e9es ainsi obtenues visent \u00e0 faciliter la navigation ult\u00e9rieure sur le site, et ont \u00e9galement vocation \u00e0 permettre diverses mesures de fr\u00e9quentation.<\/p>\n\n\n\n<p>Le refus d\u2019installation d\u2019un cookie peut entra\u00eener l\u2019impossibilit\u00e9 d\u2019acc\u00e9der \u00e0 certains services.<\/p>\n\n\n\n<p><strong>9. Droit applicable et attribution de juridiction<\/strong><\/p>\n\n\n\n<p>Tout litige en relation avec l\u2019utilisation du site www.destinaction.fr est soumis au droit fran\u00e7ais et donc aux juridictions comp\u00e9tentes.<\/p>\n\n\n\n<p><strong>10. Contact<\/strong><\/p>\n\n\n\n<p>Pour toute question, information sur les informations pr\u00e9sent\u00e9es sur le site, ou concernant le site lui-m\u00eame, vous pouvez nous contacter via la rubrique <a href=\"http:\/\/www.destinaction.fr\/index.php\/comment-nous-contacter\/\" data-type=\"page\" data-id=\"169\">Contact<\/a>.&nbsp;<\/p>\n","protected":false},"excerpt":{"rendered":"<p>1. Pr\u00e9sentation du site Propri\u00e9taire du site : Ana\u00efs GaussinRepr\u00e9sentante SAS DESTINACTION 433 Route de St Galmier 42210 Bellegarde en ForezT\u00e9l\u00e9phone : +33(0)659776994SIRET : 939 &hellip; <\/p>\n","protected":false},"author":1,"featured_media":0,"parent":0,"menu_order":0,"comment_status":"closed","ping_status":"closed","template":"","meta":{"footnotes":""},"class_list":["post-342","page","type-page","status-publish","hentry","latest_post"],"jetpack_sharing_enabled":true,"_links":{"self":[{"href":"https:\/\/www.destinaction.fr\/index.php\/wp-json\/wp\/v2\/pages\/342","targetHints":{"allow":["GET"]}}],"collection":[{"href":"https:\/\/www.destinaction.fr\/index.php\/wp-json\/wp\/v2\/pages"}],"about":[{"href":"https:\/\/www.destinaction.fr\/index.php\/wp-json\/wp\/v2\/types\/page"}],"author":[{"embeddable":true,"href":"https:\/\/www.destinaction.fr\/index.php\/wp-json\/wp\/v2\/users\/1"}],"replies":[{"embeddable":true,"href":"https:\/\/www.destinaction.fr\/index.php\/wp-json\/wp\/v2\/comments?post=342"}],"version-history":[{"count":3,"href":"https:\/\/www.destinaction.fr\/index.php\/wp-json\/wp\/v2\/pages\/342\/revisions"}],"predecessor-version":[{"id":437,"href":"https:\/\/www.destinaction.fr\/index.php\/wp-json\/wp\/v2\/pages\/342\/revisions\/437"}],"wp:attachment":[{"href":"https:\/\/www.destinaction.fr\/index.php\/wp-json\/wp\/v2\/media?parent=342"}],"curies":[{"name":"wp","href":"https:\/\/api.w.org\/{rel}","templated":true}]}}