{"id":344,"date":"2024-01-28T15:43:20","date_gmt":"2024-01-28T14:43:20","guid":{"rendered":"http:\/\/www.destinaction.fr\/?page_id=344"},"modified":"2025-04-19T16:39:14","modified_gmt":"2025-04-19T14:39:14","slug":"politiques-de-confidentialite","status":"publish","type":"page","link":"https:\/\/www.destinaction.fr\/index.php\/politiques-de-confidentialite\/","title":{"rendered":"POLITIQUES DE CONFIDENTIALIT\u00c9"},"content":{"rendered":"\n<p>En utilisant le site internet www.destinaction.fr, l\u2019utilisateur reconna\u00eet avoir pris connaissance de la pr\u00e9sente charte de confidentialit\u00e9 et de protection des donn\u00e9es personnelles.<\/p>\n\n\n\n<p>Cette page est utilis\u00e9e pour informer les visiteurs du site web de nos politiques concernant la collecte, l\u2019utilisation et la divulgation des renseignements personnels si quelqu\u2019un d\u00e9cide d\u2019utiliser notre Service.<\/p>\n\n\n\n<p>Si vous choisissez d\u2019utiliser notre Service, vous acceptez la collecte et l\u2019utilisation d\u2019informations en relation avec cette politique. Les informations personnelles que nous collectons sont utilis\u00e9es pour fournir et am\u00e9liorer le service. Nous n\u2019utiliserons ni ne partagerons vos informations avec personne, sauf dans les cas d\u00e9crits dans la pr\u00e9sente Politique de confidentialit\u00e9.<\/p>\n\n\n\n<p>Nous nous engageons \u00e0 ce que la collecte et le traitement de vos donn\u00e9es soient effectu\u00e9s de mani\u00e8re licite, loyale et transparente, conform\u00e9ment au r\u00e8glement g\u00e9n\u00e9ral sur la protection des donn\u00e9es (\u00ab RGPD \u00bb) et \u00e0 la Loi informatiques et Libert\u00e9s de 1978 modifi\u00e9e.<\/p>\n\n\n\n<p>Le responsable du traitement des donn\u00e9es personnelles est Ana\u00efs Gaussin.<\/p>\n\n\n\n<p>Les donn\u00e9es personnelles qui vous concernent sont recueillies \u00e0 partir de nos formulaires en ligne sur notre site internet (Contact et formulaire Google Drive pour l\u2019acc\u00e8s \u00e0 une s\u00e9ance d\u00e9couverte offerte) et via les \u00e9ventuels sites externes associ\u00e9s \u00e0 la r\u00e9servation de services.<\/p>\n\n\n\n<p><strong>Quelles sont les donn\u00e9es collect\u00e9es ?<\/strong><\/p>\n\n\n\n<p>Dans le cadre de nos Services, vous serez probablement invit\u00e9 \u00e0 nous transmettre les informations suivantes en remplissant le(s) formulaire(s) de renseignement et en communiquant avec nous :<\/p>\n\n\n\n<ul class=\"wp-block-list\">\n<li>Lorsque vous naviguez sur le Site, des donn\u00e9es recueillies gr\u00e2ce aux cookies et technologies similaires utilis\u00e9s (notamment la date, l\u2019heure de la connexion et\/ou navigation, le type de navigateur, la langue du navigateur, son adresse IP, donn\u00e9es de localisation).<\/li>\n\n\n\n<li>Les informations d\u2019\u00e9tat civil et de contact (civilit\u00e9, nom ; pr\u00e9nom ; adresse mail ; adresse postale ; num\u00e9ro de t\u00e9l\u00e9phone) nous permettront de vous identifier et de communiquer avec vous.<\/li>\n\n\n\n<li>Nous serons \u00e9galement amen\u00e9s \u00e0 traiter des informations relatives \u00e0 la relation contractuelle et commerciale (notamment les d\u00e9tails sur les programmes command\u00e9es) que vous pourriez nouer avec nous ainsi que des informations bancaires (coordonn\u00e9es bancaires, num\u00e9ros de carte, cryptogramme) et transactionnelles (date de la transaction, montant, num\u00e9ro de commande).<\/li>\n<\/ul>\n\n\n\n<p><strong>Utilisation des donn\u00e9es<\/strong><\/p>\n\n\n\n<p>Les informations personnelles collect\u00e9es via nos Services sont utilis\u00e9es dans le but de :<\/p>\n\n\n\n<ul class=\"wp-block-list\">\n<li>Partager nos actualit\u00e9s et offres promotionnelles ;<\/li>\n\n\n\n<li>Partager les derni\u00e8res mises \u00e0 jour de nos Services ;<\/li>\n\n\n\n<li>Partager des informations en lien nos Services ;<\/li>\n\n\n\n<li>Personnaliser et am\u00e9liorer votre exp\u00e9rience avec nous ;<\/li>\n\n\n\n<li>Personnaliser les messages qui vous sont envoy\u00e9s ;<\/li>\n\n\n\n<li>Am\u00e9liorer la qualit\u00e9 de nos Services ;<\/li>\n\n\n\n<li>Vous permettre d\u2019acc\u00e9der \u00e0 nos Services.<\/li>\n<\/ul>\n\n\n\n<p>Les donn\u00e9es anonymis\u00e9es collect\u00e9es par des cookies sont utilis\u00e9es pour analyser la performance et les statistiques de nos Services. Plus de d\u00e9tails dans la partie Cookies ci-dessous.<\/p>\n\n\n\n<p><strong>Quels sont vos droits sur vos donn\u00e9es ?<\/strong><\/p>\n\n\n\n<p>Conform\u00e9ment \u00e0 la loi du 6 janvier 1978 dite loi \u00ab Informatique et Libert\u00e9s \u00bb modifi\u00e9e, et au R\u00e8glement G\u00e9n\u00e9ral sur la Protection des Donn\u00e9es personnelles du 27 avril 2016 (\u00ab RGPD \u00bb), vous disposez des droits suivants :<\/p>\n\n\n\n<ul class=\"wp-block-list\">\n<li>Le droit de vous opposer, pour des motifs l\u00e9gitimes, \u00e0 ce que vos donn\u00e9es \u00e0 caract\u00e8re personnel fassent l\u2019objet de traitements autres que ceux auxquels vous avez consenti.<\/li>\n\n\n\n<li>Le droit de vous opposer \u00e0 un traitement, \u00e0 tout moment, sans avoir \u00e0 le motiver lorsqu\u2019il s\u2019agit de prospection commerciale.<\/li>\n\n\n\n<li>Nous nous engageons \u00e0 prendre en compte vos demandes de cesser les traitements de vos donn\u00e9es, sauf motifs l\u00e9gitimes et imp\u00e9rieux pour le traitement qui pr\u00e9vaudrait sur vos droits et libert\u00e9s, ou pour l\u2019exercice ou la d\u00e9fense de nos droits en justice.<\/li>\n\n\n\n<li>Le droit d\u2019\u00eatre inform\u00e9 sur les traitements auxquels ces donn\u00e9es \u00e0 caract\u00e8re personnel donnent lieu.<\/li>\n\n\n\n<li>Le droit d\u2019acc\u00e8s : Sous r\u00e9serve de certaines conditions, vous pouvez obtenir des informations concernant le traitement de vos donn\u00e9es ainsi qu\u2019une copie de vos donn\u00e9es \u00e0 caract\u00e8re personnel en cours de traitement.<\/li>\n\n\n\n<li>Le droit de rectification, de mise \u00e0 jour ou de suppression de tout ou partie desdites donn\u00e9es. Nous nous engageons \u00e0 traiter dans les meilleurs d\u00e9lais vos demandes de correction en cas d\u2019inexactitude des donn\u00e9es personnelles que nous d\u00e9tenons sur vous. Nous nous engageons \u00e9galement \u00e0 traiter, dans les meilleurs d\u00e9lais les demandes d\u2019effacement partiel ou total de vos donn\u00e9es, dans les conditions de l\u2019article 17 du R\u00e8glement G\u00e9n\u00e9ral sur la Protection des Donn\u00e9es de l\u2019Union Europ\u00e9enne (droit \u00e0 \u00ab l\u2019oubli \u00bb).<\/li>\n\n\n\n<li>Le droit \u00e0 la limitation du traitement : Nous nous engageons \u00e0 traiter vos demandes de limitation du traitement, dans les conditions de l\u2019article 18 du R\u00e8glement G\u00e9n\u00e9ral sur la Protection des Donn\u00e9es de l\u2019Union Europ\u00e9enne. Dans ce cas, nous conservons vos donn\u00e9es mais ne les traitons plus sauf votre consentement, ou pour la constatation, l\u2019exercice ou la d\u00e9fense de droits en justice.<\/li>\n\n\n\n<li>Le droit \u00e0 la portabilit\u00e9 de vos donn\u00e9es : Nous nous engageons, \u00e0 votre demande, \u00e0 vous fournir les donn\u00e9es \u00e0 caract\u00e8re personnel que vous nous avez communiqu\u00e9es dans un format structur\u00e9, couramment utilis\u00e9 et lisible par machine. Ce droit \u00e0 la portabilit\u00e9 s\u2019applique uniquement aux donn\u00e9es que vous avez fournies, lorsque le traitement est fond\u00e9 sur votre consentement ou sur un contrat et qu\u2019il est effectu\u00e9 \u00e0 l\u2019aide de proc\u00e9d\u00e9s automatis\u00e9s.<\/li>\n\n\n\n<li>Le droit \u00e0 la \u00ab mort num\u00e9rique \u00bb : Conform\u00e9ment \u00e0 la Loi pour une R\u00e9publique Num\u00e9rique, vous pouvez nous communiquer des directives relatives \u00e0 la conservation, l\u2019effacement et la communication des donn\u00e9es personnelles vous concernant apr\u00e8s votre d\u00e9c\u00e8s. Ces directives peuvent \u00eatre confi\u00e9es \u00e0 un \u00ab tiers de confiance num\u00e9rique \u00bb certifi\u00e9 par la CNIL, lorsqu\u2019elles sont g\u00e9n\u00e9rales, ou directement aupr\u00e8s de nous lorsqu\u2019elles sont sp\u00e9cifiques \u00e0 un traitement dont nous sommes responsables. A d\u00e9faut de personne d\u00e9sign\u00e9e, vos h\u00e9ritiers auront la possibilit\u00e9 d\u2019exercer certains droits, notamment le droit d\u2019acc\u00e8s, pour les besoins du r\u00e8glement de la succession, et le droit d\u2019opposition pour proc\u00e9der \u00e0 la cl\u00f4ture de vos comptes.<\/li>\n\n\n\n<li>Le droit d\u2019introduire une r\u00e9clamation aupr\u00e8s de la CNIL : En cas de difficult\u00e9 concernant les traitements de vos donn\u00e9es personnelles que nous r\u00e9alisons, nous vous invitons en premier lieu \u00e0 nous contacter. Si vous estimez que vos droits n\u2019ont pas \u00e9t\u00e9 respect\u00e9s, vous pouvez introduire une r\u00e9clamation aupr\u00e8s de la CNIL.<\/li>\n<\/ul>\n\n\n\n<p>Plus d\u2019informations sur vos droits :&nbsp;<a href=\"https:\/\/www.cnil.fr\/fr\/les-droits-pour-maitriser-vos-donnees-personnelles\" target=\"_blank\" rel=\"noreferrer noopener\">https:\/\/www.cnil.fr\/fr\/les-droits-pour-maitriser-vos-donnees-personnelles<\/a><\/p>\n\n\n\n<p><strong>Combien de temps sont conserv\u00e9es vos donn\u00e9es personnelles ?<\/strong><\/p>\n\n\n\n<p>Nous conservons les donn\u00e9es personnelles que vous fournissez jusqu\u2019\u00e0 10 ans apr\u00e8s votre derni\u00e8re utilisation de nos Services ou apr\u00e8s votre derni\u00e8re interaction avec elle. Les donn\u00e9es peuvent \u00eatre utilis\u00e9es \u00e0 des fins Marketing ou pour des analyses statistiques. \u00c0 expiration de ce d\u00e9lai, nous supprimerons vos donn\u00e9es en retirant votre adresse mail et votre nom de ses listes d\u2019emailing et\/ou en mettant fin \u00e0 toute interaction avec vous.<\/p>\n\n\n\n<p><strong>Partage des donn\u00e9es<\/strong><\/p>\n\n\n\n<p>Nous nous engageons \u00e0 ne pas commercialiser les renseignements personnels collect\u00e9s. Toutefois, il nous arrive de partager ces informations avec des tiers pour les raisons suivantes :<\/p>\n\n\n\n<ul class=\"wp-block-list\">\n<li>Profil de consommation ;<\/li>\n\n\n\n<li>Ex\u00e9cution de la commande ;<\/li>\n\n\n\n<li>Partenariat.<\/li>\n<\/ul>\n\n\n\n<p>Si vous ne souhaitez pas que vos renseignements personnels soient communiqu\u00e9s \u00e0 des tiers, il vous est possible de vous y opposer au moment de la collecte ou \u00e0 tout moment par la suite, comme mentionn\u00e9 ci-dessous.<\/p>\n\n\n\n<p><strong>Comment exercer vos droits sur vos donn\u00e9es personnelles ?<\/strong><\/p>\n\n\n\n<p>Pour exercer ces droits, vous pouvez choisir d\u2019adresser votre demande en nous contactant via la rubrique <a href=\"http:\/\/www.destinaction.fr\/index.php\/comment-nous-contacter\/\" data-type=\"page\" data-id=\"169\">Contact<\/a><\/p>\n\n\n\n<p><strong>Quelle utilisation faisons-nous des cookies ?<\/strong><\/p>\n\n\n\n<p>STATISTIQUES DE MESURE D\u2019AUDIENCE<\/p>\n\n\n\n<p>Afin d\u2019adapter notre site Internet, son contenu et ses services aux attentes des utilisateurs, nous utilisons plusieurs services de mesure d\u2019audience, tels que \u00ab Google Analytics \u00bb. Les cookies utilis\u00e9s dans le cadre de ces services permettent d\u2019analyser le comportement des internautes et notamment le nombre de visites, le nombre de pages vues ainsi que l\u2019activit\u00e9 des utilisateurs sur notre site Internet et leur fr\u00e9quence de retour.<\/p>\n\n\n\n<p>Les donn\u00e9es g\u00e9n\u00e9r\u00e9es par les cookies concernant l\u2019utilisation de notre site Internet (y compris l\u2019adresse IP) seront transmises et stock\u00e9es par Google sur des serveurs pouvant \u00eatre situ\u00e9s aux Etats-Unis.<\/p>\n\n\n\n<p>Google utilisera cette information dans le but d\u2019\u00e9valuer l\u2019utilisation du site, de compiler des rapports sur l\u2019activit\u00e9 du site et de fournir d\u2019autres services relatifs \u00e0 l\u2019activit\u00e9 du site et \u00e0 l\u2019utilisation d\u2019Internet.<\/p>\n\n\n\n<p>Vous pouvez vous opposer \u00e0 l\u2019utilisation de Google Analytics en cliquant sur le lien suivant :&nbsp;<a href=\"https:\/\/tools.google.com\/dlpage\/gaoptout?hl=fr\" target=\"_blank\" rel=\"noreferrer noopener\">https:\/\/tools.google.com\/dlpage\/gaoptout?hl=fr<\/a><\/p>\n\n\n\n<p>Vous suspectez une utilisation malveillante ou frauduleuse de vos donn\u00e9es, que faut-il faire ?<\/p>\n\n\n\n<p>Si vous constatez une utilisation malveillante de vos donn\u00e9es personnelles ou si vous \u00eates destinataire d\u2019un mail d\u2019Ana\u00efs Gaussin qui vous semble frauduleux, nous vous remercions de nous en informer rapidement via la rubrique <a href=\"http:\/\/www.destinaction.fr\/index.php\/comment-nous-contacter\/\" data-type=\"page\" data-id=\"169\">Contact<\/a><\/p>\n","protected":false},"excerpt":{"rendered":"<p>En utilisant le site internet www.destinaction.fr, l\u2019utilisateur reconna\u00eet avoir pris connaissance de la pr\u00e9sente charte de confidentialit\u00e9 et de protection des donn\u00e9es personnelles. Cette page &hellip; <\/p>\n","protected":false},"author":1,"featured_media":0,"parent":0,"menu_order":0,"comment_status":"closed","ping_status":"closed","template":"","meta":{"footnotes":""},"class_list":["post-344","page","type-page","status-publish","hentry","latest_post"],"jetpack_sharing_enabled":true,"_links":{"self":[{"href":"https:\/\/www.destinaction.fr\/index.php\/wp-json\/wp\/v2\/pages\/344","targetHints":{"allow":["GET"]}}],"collection":[{"href":"https:\/\/www.destinaction.fr\/index.php\/wp-json\/wp\/v2\/pages"}],"about":[{"href":"https:\/\/www.destinaction.fr\/index.php\/wp-json\/wp\/v2\/types\/page"}],"author":[{"embeddable":true,"href":"https:\/\/www.destinaction.fr\/index.php\/wp-json\/wp\/v2\/users\/1"}],"replies":[{"embeddable":true,"href":"https:\/\/www.destinaction.fr\/index.php\/wp-json\/wp\/v2\/comments?post=344"}],"version-history":[{"count":2,"href":"https:\/\/www.destinaction.fr\/index.php\/wp-json\/wp\/v2\/pages\/344\/revisions"}],"predecessor-version":[{"id":438,"href":"https:\/\/www.destinaction.fr\/index.php\/wp-json\/wp\/v2\/pages\/344\/revisions\/438"}],"wp:attachment":[{"href":"https:\/\/www.destinaction.fr\/index.php\/wp-json\/wp\/v2\/media?parent=344"}],"curies":[{"name":"wp","href":"https:\/\/api.w.org\/{rel}","templated":true}]}}