{"id":364,"date":"2024-01-28T17:51:51","date_gmt":"2024-01-28T16:51:51","guid":{"rendered":"http:\/\/www.destinaction.fr\/?page_id=364"},"modified":"2026-01-01T19:19:20","modified_gmt":"2026-01-01T18:19:20","slug":"qui-je-suis","status":"publish","type":"page","link":"https:\/\/www.destinaction.fr\/index.php\/qui-je-suis\/","title":{"rendered":"Qui je suis ?"},"content":{"rendered":"\n<div class=\"wp-block-cover is-light has-custom-content-position is-position-top-left\"><img loading=\"lazy\" decoding=\"async\" width=\"809\" height=\"809\" class=\"wp-block-cover__image-background wp-image-445 size-full\" alt=\"\" src=\"https:\/\/www.destinaction.fr\/wp-content\/uploads\/2026\/01\/PHOTO-PROFIL.png\" data-object-fit=\"cover\" srcset=\"https:\/\/www.destinaction.fr\/wp-content\/uploads\/2026\/01\/PHOTO-PROFIL.png 809w, https:\/\/www.destinaction.fr\/wp-content\/uploads\/2026\/01\/PHOTO-PROFIL-300x300.png 300w, https:\/\/www.destinaction.fr\/wp-content\/uploads\/2026\/01\/PHOTO-PROFIL-150x150.png 150w, https:\/\/www.destinaction.fr\/wp-content\/uploads\/2026\/01\/PHOTO-PROFIL-768x768.png 768w, https:\/\/www.destinaction.fr\/wp-content\/uploads\/2026\/01\/PHOTO-PROFIL-60x60.png 60w\" sizes=\"auto, (max-width: 809px) 100vw, 809px\" \/><span aria-hidden=\"true\" class=\"wp-block-cover__background has-background-dim\" style=\"background-color:#b3bcbb\"><\/span><div class=\"wp-block-cover__inner-container is-layout-flow wp-block-cover-is-layout-flow\">\n<p class=\"has-text-align-center has-large-font-size\">\u00a0\u00bb Il n&rsquo;y a point de g\u00e9nie sans un grain de folie \u00ab\u00a0<\/p>\n\n\n\n<p><\/p>\n\n\n\n<p><\/p>\n\n\n\n<p><\/p>\n\n\n\n<p><\/p>\n\n\n\n<p class=\"has-text-align-center\">ARISTOTE<\/p>\n<\/div><\/div>\n\n\n\n<p><em>Je suis Ana\u00efs Gaussin, j\u2019ai cr\u00e9\u00e9 l\u2019entreprise<\/em><strong>&nbsp;DESTINACTION<\/strong><em>&nbsp;dans l\u2019id\u00e9e de mettre mes comp\u00e9tences, mon exp\u00e9rience, mon \u00e9nergie, mon \u00e9coute, ma bienveillance et aussi un peu ma folie au service des autres en les accompagnant, en leur transmettant et en les aidant \u00e0 trouver leur place et \u00e0 donner ou redonner du sens \u00e0 leur vie et \u00e0 ce qu\u2019ils entreprennent gr\u00e2ce au coaching, au conseil et la formation<\/em>. <\/p>\n\n\n\n<p><em>Je vous invite \u00e0 travers mes accompagnements \u00e0&nbsp;\u00ab sauter en parachute \u00bb&nbsp;!&nbsp;<\/em><\/p>\n\n\n\n<p><em>Prenez place \u00e0 bord de l\u2019avion&nbsp;<\/em><strong>DESTINACTION<\/strong>&nbsp;<em>qui vous accompagnera dans l\u2019\u00e9laboration de votre nouveau projet de vie.&nbsp;<\/em><\/p>\n\n\n\n<p><em>Ce vol vous permettra de prendre conscience de vos modes de fonctionnement, d\u00e9passer des situations complexes, atteindre vos objectifs, vous connaitre et donc gagner en confiance en vous, et conscientiser le fait que vous poss\u00e9dez plus de comp\u00e9tences et savoirs que vous ne le pensez tout cela dans le but d\u2019\u00e9laborer un beau projet.&nbsp;<\/em><\/p>\n\n\n\n<p><em>En passant \u00e0 l\u2019action et en vous engageant vers votre r\u00e9ussite, le voyage sera magique !&nbsp;<\/em><\/p>\n","protected":false},"excerpt":{"rendered":"<p>Je suis Ana\u00efs Gaussin, j\u2019ai cr\u00e9\u00e9 l\u2019entreprise&nbsp;DESTINACTION&nbsp;dans l\u2019id\u00e9e de mettre mes comp\u00e9tences, mon exp\u00e9rience, mon \u00e9nergie, mon \u00e9coute, ma bienveillance et aussi un peu ma &hellip; <\/p>\n","protected":false},"author":1,"featured_media":0,"parent":0,"menu_order":0,"comment_status":"closed","ping_status":"closed","template":"","meta":{"footnotes":""},"class_list":["post-364","page","type-page","status-publish","hentry","latest_post"],"jetpack_sharing_enabled":true,"_links":{"self":[{"href":"https:\/\/www.destinaction.fr\/index.php\/wp-json\/wp\/v2\/pages\/364","targetHints":{"allow":["GET"]}}],"collection":[{"href":"https:\/\/www.destinaction.fr\/index.php\/wp-json\/wp\/v2\/pages"}],"about":[{"href":"https:\/\/www.destinaction.fr\/index.php\/wp-json\/wp\/v2\/types\/page"}],"author":[{"embeddable":true,"href":"https:\/\/www.destinaction.fr\/index.php\/wp-json\/wp\/v2\/users\/1"}],"replies":[{"embeddable":true,"href":"https:\/\/www.destinaction.fr\/index.php\/wp-json\/wp\/v2\/comments?post=364"}],"version-history":[{"count":3,"href":"https:\/\/www.destinaction.fr\/index.php\/wp-json\/wp\/v2\/pages\/364\/revisions"}],"predecessor-version":[{"id":450,"href":"https:\/\/www.destinaction.fr\/index.php\/wp-json\/wp\/v2\/pages\/364\/revisions\/450"}],"wp:attachment":[{"href":"https:\/\/www.destinaction.fr\/index.php\/wp-json\/wp\/v2\/media?parent=364"}],"curies":[{"name":"wp","href":"https:\/\/api.w.org\/{rel}","templated":true}]}}