{"id":426,"date":"2025-04-19T16:24:13","date_gmt":"2025-04-19T14:24:13","guid":{"rendered":"https:\/\/www.destinaction.fr\/?page_id=426"},"modified":"2025-04-19T16:31:39","modified_gmt":"2025-04-19T14:31:39","slug":"cgv","status":"publish","type":"page","link":"https:\/\/www.destinaction.fr\/index.php\/cgv\/","title":{"rendered":"CGV"},"content":{"rendered":"\n<p><strong>Article 1 : Le Vendeur<\/strong><\/p>\n\n\n\n<p>SAS DESTINACTION<\/p>\n\n\n\n<p>433 Route de St Galmier 42210 Bellegarde en Forez<br>T\u00e9l\u00e9phone : +33(0)659776994<br>SIRET : 939 268 215 00018<br>N\u00b0 TVA intracommunautaire : FR53939268215<\/p>\n\n\n\n<p><strong>Article 2 : Champ d\u2019application<\/strong><\/p>\n\n\n\n<p>Les pr\u00e9sentes Conditions G\u00e9n\u00e9rales de Vente (dites \u00ab CGV \u00bb) s\u2019appliquent, sans restriction ni r\u00e9serve \u00e0 l\u2019ensemble des ventes conclues par SAS DESTINACTION (\u00ab\u00a0le Vendeur\u00a0\u00bb) aupr\u00e8s d\u2019acheteurs non professionnels ou professionnels (\u00ab\u00a0les Clients ou le Client\u00a0\u00bb), d\u00e9sirant acqu\u00e9rir les produits propos\u00e9s \u00e0 la vente sur le Site www.destinaction.fr.<\/p>\n\n\n\n<p>Nous invitons les Utilisateurs \u00e0 lire attentivement les pr\u00e9sentes Conditions G\u00e9n\u00e9rales de Vente et d\u2019Utilisation. Les caract\u00e9ristiques des Produits sont indiqu\u00e9es sur le Site Internet. Il revient au Client d\u2019en tenir compte avant son achat. Les photographies et graphismes pr\u00e9sent\u00e9s sur le Site Internet ne sont pas contractuels.<\/p>\n\n\n\n<p>Les pr\u00e9sentes CGV s\u2019appliquent \u00e0 toutes les transactions conclues par le biais du Site Internet ou des r\u00e9seaux sociaux du Vendeur. Tout achat sur le Site implique l\u2019acceptation pleine et enti\u00e8re des conditions g\u00e9n\u00e9rales de vente ci-apr\u00e8s.<\/p>\n\n\n\n<p>Ces CGV sont accessibles sur le Site et pr\u00e9vaudront, le cas \u00e9ch\u00e9ant, sur toute autre version ou tout autre document contradictoire.<\/p>\n\n\n\n<p>La validation de la commande par le Client vaut acceptation sans r\u00e9serve des pr\u00e9sentes CGV. Le Client reconna\u00eet \u00e9galement que, pr\u00e9alablement \u00e0 toute commande, il a b\u00e9n\u00e9fici\u00e9 des informations et conseils suffisants de la part du Site et de l\u2019entreprise, lui permettant de s\u2019assurer de l\u2019ad\u00e9quation de l\u2019offre de Service \u00e0 ses besoins propres.<\/p>\n\n\n\n<p>Le Client d\u00e9clare \u00eatre capable de contracter en vertu de la loi fran\u00e7aise et d\u00e9clare, le cas \u00e9ch\u00e9ant, valablement repr\u00e9senter la personne pour laquelle il s\u2019engage. Le Client professionnel se porte fort du respect des pr\u00e9sentes CGV pour l\u2019ensemble de ses salari\u00e9s, pr\u00e9pos\u00e9s et agents.<\/p>\n\n\n\n<p>Sauf preuve contraire, les donn\u00e9es enregistr\u00e9es par le Site constituent la preuve de l\u2019ensemble des faits, acceptation et transactions.<\/p>\n\n\n\n<p><strong>Article 3 : Conditions g\u00e9n\u00e9rales d\u2019utilisation du Site<\/strong><\/p>\n\n\n\n<p>En naviguant sur le Site, l\u2019utilisateur accepte d\u2019\u00eatre redirig\u00e9 vers d\u2019autres sites Internet, plateformes, r\u00e9seaux sociaux ou logiciels (liste non exhaustive).<\/p>\n\n\n\n<ul class=\"wp-block-list\">\n<li>Affiliation \/ Renvois ext\u00e9rieurs : Sur le Site, vous pouvez trouver des renvois vers des sites partenaires ou des r\u00e9seaux sociaux. Vous pourrez trouver leurs conditions d\u2019utilisation, de vente et de protection de vos donn\u00e9es sur leurs sites Internet respectifs.<\/li>\n<\/ul>\n\n\n\n<p><strong>Article 4 &#8211; Caract\u00e9ristiques des services et produits<\/strong><\/p>\n\n\n\n<p>Les services et produits propos\u00e9s sont d\u00e9crits sur le Site. Ils concernent principalement :<\/p>\n\n\n\n<ul class=\"wp-block-list\">\n<li>Des prestations de services d\u2019accompagnement individuel en coaching, bilan de comp\u00e9tences, conseil en orientation scolaire, ou collectifs lors d\u2019ateliers, stages, ou formations,<\/li>\n<\/ul>\n\n\n\n<p>Les services d\u2019accompagnement en coaching peuvent \u00eatre r\u00e9alis\u00e9s en ligne ou en pr\u00e9sentiel au sein des 2 cabinets \u00e0 Montbrison (42600) et Saint Galmier (42330) ou dans certains cas dans des lieux publics ou au domicile du client.&nbsp;<\/p>\n\n\n\n<p>Les ateliers et autres \u00e9v\u00e8nements peuvent \u00eatre r\u00e9alis\u00e9s en ligne ou en pr\u00e9sentiel dans un lieu annonc\u00e9 dans la description des services.<\/p>\n\n\n\n<p>Ils sont fournis dans la limite des possibilit\u00e9s et d\u2019\u00e9ventuels stocks. Le Vendeur ne pourra \u00eatre tenu responsable des ruptures de stock ou de l\u2019impossibilit\u00e9 de vendre un Produit dont le stock est inexistant. Si le produit est indisponible apr\u00e8s passation de votre commande, le Vendeur vous informera par mail ou par courrier. Votre commande sera automatiquement annul\u00e9e et vous serez rembours\u00e9 dans les meilleurs d\u00e9lais.<\/p>\n\n\n\n<p>Les visuels, photographies ou vid\u00e9os associ\u00e9s \u00e0 la description des services et produits ne sont pas contractuels.<\/p>\n\n\n\n<p><strong>Article 5 &#8211; Modalit\u00e9s de paiement et prix<\/strong><\/p>\n\n\n\n<p>Les factures sont \u00e9mises \u00e0 l\u2019inscription.<\/p>\n\n\n\n<p>L\u2019acceptation de DESTINACTION \u00e9tant conditionn\u00e9e par le r\u00e8glement int\u00e9gral de la facture, DESTINACTION se r\u00e9serve express\u00e9ment le droit de disposer librement des places retenues par le Client, tant que les frais d\u2019inscription n\u2019auront pas \u00e9t\u00e9 couverts dans les conditions pr\u00e9vues ci-dessous. DESTINACTION se r\u00e9serve la possibilit\u00e9 d\u2019ajourner une session de Formation et ce sans indemnit\u00e9s, au plus tard 5 jours ouvr\u00e9s avant la date pr\u00e9vue, pour des raisons p\u00e9dagogiques.<\/p>\n\n\n\n<p>Une proposition commerciale et financi\u00e8re sera pr\u00e9alablement \u00e9tablie par DESTINACTION. L\u2019inscription est valid\u00e9e sous r\u00e9serve du paiement int\u00e9gral de la Formation. Des facilit\u00e9s de paiement en plusieurs fois peuvent \u00eatre propos\u00e9s au Client. En cas de paiement en plusieurs fois, le non-paiement d\u2019une \u00e9ch\u00e9ance, apr\u00e8s mise en demeure rest\u00e9e sans effet dans les 5 jours ouvr\u00e9s, DESTINACTION se r\u00e9serve la facult\u00e9 de suspendre toute Formation en cours et \/ou \u00e0 venir.<\/p>\n\n\n\n<p>Le Vendeur se r\u00e9serve le droit de modifier les prix \u00e0 tout moment. Le prix valable lors de la commande est le prix affich\u00e9 sur le Site le jour de la commande.&nbsp;<\/p>\n\n\n\n<p>Les paiements s\u2019effectuent par virements bancaires, Paypal, ou par ch\u00e8ques ou esp\u00e8ces, selon les produits ou services achet\u00e9s.&nbsp;<\/p>\n\n\n\n<p>Toute prestation de services, lorsque son prix est sup\u00e9rieur ou \u00e9gal \u00e0 25\u20ac, fera l\u2019objet d\u2019une note ou facture. En de\u00e7\u00e0 de ce montant, la remise d\u2019une note ou facture est facultative.<\/p>\n\n\n\n<p><strong>Article 6 &#8211; Commande et fourniture des prestations<\/strong><\/p>\n\n\n\n<p>Il appartient au Client de s\u00e9lectionner sur le Site les produits et services qu\u2019il d\u00e9sire commander.<\/p>\n\n\n\n<p>En passant sa commande, le client d\u00e9clare avoir bien v\u00e9rifi\u00e9 que son adresse \u00e9lectronique est valide et accessible. En cas d\u2019erreur ou d\u2019adresse pas assez explicite, dont la cons\u00e9quence pourrait \u00eatre une livraison erron\u00e9e, aucune responsabilit\u00e9 du Vendeur ne pourra \u00eatre engag\u00e9e.<\/p>\n\n\n\n<p>Les Services et Produits command\u00e9s par le Client seront fournis selon les modalit\u00e9s suivantes :<\/p>\n\n\n\n<ul class=\"wp-block-list\">\n<li>Prestations de services d\u2019accompagnements individuels : la date d\u2019ex\u00e9cution de la prestation est d\u00e9finie \u00e0 l\u2019avance ou convenue d\u2019un commun accord entre le Client et le Vendeur.<\/li>\n\n\n\n<li>Prestations de services collectifs lors d\u2019ateliers, formations : les dates sont d\u00e9termin\u00e9es \u00e0 l\u2019avance et affich\u00e9es sur le Site. Le Vendeur se r\u00e9serve le droit de les modifier et s\u2019engage \u00e0 pr\u00e9venir tous les participants dans un d\u00e9lai raisonnable.<\/li>\n<\/ul>\n\n\n\n<p>Il n\u2019y a pas de frais de livraison pour les activit\u00e9s de prestations de services individuels \u00e0 distance ou collectifs lors d\u2019ateliers, formations. Des frais de d\u00e9placement peuvent s\u2019appliquer pour des activit\u00e9s de prestations de services individuels en pr\u00e9sentiel.<\/p>\n\n\n\n<p>Les services individuels ou collectifs \u00e0 distance seront r\u00e9alis\u00e9s via un outil en ligne d\u00e9cid\u00e9 conjointement entre le Client et le Vendeur. Le lien de connexion sera transmis au Client par courrier \u00e9lectronique en amont du d\u00e9marrage du service.<\/p>\n\n\n\n<p>Lesdits Services seront fournis \u00e0 compter de la validation d\u00e9finitive de la commande du Client, dans les conditions pr\u00e9vues aux pr\u00e9sentes CGV. Le Vendeur s\u2019engage \u00e0 faire ses meilleurs efforts pour fournir les Services command\u00e9s par le Client, dans le cadre d\u2019une obligation de moyen et dans les d\u00e9lais ci-dessus pr\u00e9cis\u00e9s. Si les Services command\u00e9s n\u2019ont pas \u00e9t\u00e9 fournis dans un d\u00e9lai de 15 jours apr\u00e8s la date indicative de fourniture, pour toute autre cause que la force majeure ou le fait du Client, la vente des Services pourra \u00eatre r\u00e9solue \u00e0 la demande \u00e9crite du Client dans les conditions pr\u00e9vues aux articles L 216-2, L 216-3 et L241-4 du Code de la consommation. Les sommes vers\u00e9es par le Client lui seront alors restitu\u00e9es au plus tard dans les quatorze jours qui suivent la date de d\u00e9nonciation du contrat, \u00e0 l\u2019exclusion de toute indemnisation ou retenue. Les Services sont r\u00e9put\u00e9s conformes \u00e0 la commande, en quantit\u00e9 et qualit\u00e9.<\/p>\n\n\n\n<p>Le Vendeur se r\u00e9serve le droit d\u2019annuler ou de refuser toute commande d\u2019un Client avec lequel il existerait un litige relatif au paiement d\u2019une commande ant\u00e9rieure.<\/p>\n\n\n\n<p><strong>Article 7 &#8211; R\u00e9tractation<\/strong><\/p>\n\n\n\n<ul class=\"wp-block-list\">\n<li>Pour les prestations de services en individuel ou en collectif (accompagnements, ateliers, formations) :<\/li>\n<\/ul>\n\n\n\n<p>En vertu de l\u2019article L.221-18 du Code de la consommation, le Client dispose d\u2019un d\u00e9lai de 14 jours \u00e0 compter de sa commande (date de la conclusion du contrat) pour faire valoir son droit de r\u00e9tractation d\u2019un contrat conclu \u00e0 distance. Ce droit permet au Client de changer d\u2019avis, de revenir sur son achat et d\u2019en obtenir le remboursement sans frais, sans avoir \u00e0 motiver sa d\u00e9cision. Conform\u00e9ment \u00e0 l\u2019article L.221-25 du Code de la consommation, le Client qui a exerc\u00e9 son droit de r\u00e9tractation d\u2019un contrat de prestation de services conclu \u00e0 distance, \u00e0 sa demande expresse, avant la fin du d\u00e9lai de r\u00e9tractation verse au Vendeur un montant correspondant au service fourni jusqu\u2019\u00e0 la communication de sa d\u00e9cision de se r\u00e9tracter ; ce montant est proportionn\u00e9 au prix total de la prestation convenu dans le contrat. Si le prix total est excessif, le montant appropri\u00e9 est calcul\u00e9 sur la base de la valeur marchande de ce qui a \u00e9t\u00e9 fourni.<\/p>\n\n\n\n<p><strong>Article 8 &#8211; R\u00e9clamations<\/strong><\/p>\n\n\n\n<p>Pour toute question, r\u00e9clamation ou demande de r\u00e9tractation, merci de contacter le Vendeur via la page&nbsp;<a href=\"https:\/\/www.destinaction.fr\/index.php\/comment-nous-contacter\/\">Contact.<\/a><\/p>\n\n\n\n<p>Dans le cas o\u00f9 le litige ne pourrait pas \u00eatre r\u00e9gl\u00e9 \u00e0 l\u2019amiable, le Client a la possibilit\u00e9 de recourir au droit applicable explicit\u00e9 au paragraphe 12.<\/p>\n\n\n\n<p><strong>Article 9 &#8211; Gestion et protection des donn\u00e9es<\/strong><\/p>\n\n\n\n<p>En application de la loi 78-17 du 6 janvier 1978, il est rappel\u00e9 que les donn\u00e9es nominatives qui sont demand\u00e9es au Client sont n\u00e9cessaires au traitement de sa commande et \u00e0 l\u2019\u00e9tablissement des factures, notamment.<\/p>\n\n\n\n<p>Ces donn\u00e9es peuvent \u00eatre communiqu\u00e9es aux \u00e9ventuels partenaires du Vendeur charg\u00e9s de l\u2019ex\u00e9cution, du traitement, de la gestion et du paiement des commandes.<\/p>\n\n\n\n<p>Les informations personnelles recueillies sur le Site servent uniquement dans le cadre des besoins de l\u2019activit\u00e9 du Site (contact, informations clients, r\u00e9servations, paiements, lead magnets, newsletters\u2026). Les donn\u00e9es des utilisateurs\/clients sont trait\u00e9es directement par la propri\u00e9taire du Site qui s\u2019engage \u00e0 ne jamais les c\u00e9der \u00e0 qui que ce soit d\u2019une fa\u00e7on ou d\u2019une autre.<\/p>\n\n\n\n<p>Chaque utilisateur b\u00e9n\u00e9ficie d\u2019un droit d\u2019acc\u00e8s, de rectification, droit \u00e0 la portabilit\u00e9 et au retrait de son consentement, droit qu\u2019il peut exercer \u00e0 tout moment par mail ou par courrier. En effet, depuis le 25 mai 2018, le r\u00e8glement g\u00e9n\u00e9ral sur la protection des donn\u00e9es (RGPD) est entr\u00e9 en application.<\/p>\n\n\n\n<p>Par ailleurs, en naviguant sur le Site, l\u2019utilisateur accepte \u00e9galement l\u2019installation \u00e9ventuelle de cookies.<\/p>\n\n\n\n<p>Dans le cas o\u00f9 l\u2019utilisateur transmettrait son num\u00e9ro de t\u00e9l\u00e9phone, il a la possibilit\u00e9 de s\u2019inscrire \u00e0 la liste d\u2019opposition au d\u00e9marchage t\u00e9l\u00e9phonique, Bloctel.<\/p>\n\n\n\n<p><strong>Article 10 &#8211; Propri\u00e9t\u00e9 intellectuelle<\/strong><\/p>\n\n\n\n<p>Le contenu du Site, les services et produits sont la propri\u00e9t\u00e9 du Vendeur et de ses partenaires et sont prot\u00e9g\u00e9s par les lois fran\u00e7aises et internationales relatives \u00e0 la propri\u00e9t\u00e9 intellectuelle.<\/p>\n\n\n\n<p>Toute reproduction totale ou partielle de ce contenu est strictement interdite et est susceptible de constituer un d\u00e9lit de contrefa\u00e7on. Tous les produits et services offerts par le Vendeur sont destin\u00e9s \u00e0 un usage priv\u00e9, le contenu des accompagnements et autres services et produits ne doit pas \u00eatre partag\u00e9 de quelque mani\u00e8re que ce soit.<\/p>\n\n\n\n<p>Il est interdit de supprimer les mentions de copyrights, de marque ou de toute autre mention l\u00e9gale sur les contenus propos\u00e9s par le Vendeur.<\/p>\n\n\n\n<p>Toutefois, vous \u00eates autoris\u00e9 \u00e0 t\u00e9l\u00e9charger, \u00e0 imprimer, \u00e0 enregistrer ces produits et services pour votre usage personnel et non commercial, si vous \u00eates client du Vendeur.<\/p>\n\n\n\n<p><strong>Article 11 &#8211; Limites de responsabilit\u00e9<\/strong><\/p>\n\n\n\n<p>Le Vendeur ne peut en aucun cas \u00eatre tenu responsable pour l\u2019indisponibilit\u00e9, qu\u2019elle soit temporaire ou permanente, du Site Internet. Bien qu\u2019il mette en \u0153uvre tous ses moyens afin d\u2019assurer en permanence le service, il se peut que celui-ci soit interrompu \u00e0 tout moment. En outre, le Vendeur se r\u00e9serve le droit, par un acte volontaire, de rendre le Site Internet indisponible afin de r\u00e9aliser toute op\u00e9ration de mise \u00e0 jour, d\u2019am\u00e9lioration ou de maintenance.<\/p>\n\n\n\n<p>Le Vendeur n\u2019est tenu que par une obligation de moyens, il ne pourra pas \u00eatre tenu responsable des dommages directs ou indirects caus\u00e9s par l\u2019acc\u00e8s \u00e0 ses services et produits. Sa responsabilit\u00e9 ne pourra \u00eatre engag\u00e9e pour un dommage r\u00e9sultant de l\u2019utilisation du r\u00e9seau Internet tel que perte de donn\u00e9es, intrusion, virus, piratage, rupture du service, ou autres probl\u00e8mes involontaires.<\/p>\n\n\n\n<p>En aucun cas, la responsabilit\u00e9 du Vendeur ne saurait \u00eatre engag\u00e9e au titre des dommages indirects tels que perte de donn\u00e9es, de fichier(s), perte d\u2019exploitation, pr\u00e9judice commercial, manque \u00e0 gagner, atteinte \u00e0 l\u2019image et \u00e0 la r\u00e9putation. Le Vendeur ne saurait \u00eatre tenu responsable au titre des litiges intervenant entre le Client et ses propres clients.<\/p>\n\n\n\n<p>L\u2019utilisation et l\u2019exploitation des informations fournies au titre du Service se font sous votre seule responsabilit\u00e9 et \u00e0 vos risques et p\u00e9rils. Le client est seul responsable des interpr\u00e9tations qu\u2019il fait des informations fournies au titre des Produits et Services, et des donn\u00e9es qu\u2019il en d\u00e9duit.<\/p>\n\n\n\n<p>Les services et produits propos\u00e9s par le Vendeur concernant les domaines du coaching, du bien-\u00eatre et du d\u00e9veloppement personnel. Ils ne visent en aucun cas \u00e0 remplacer une consultation ou un suivi m\u00e9dical.<\/p>\n\n\n\n<p><strong>Article 12 &#8211; Droit applicable &#8211; Langue &#8211; Litiges<\/strong><\/p>\n\n\n\n<p>Les pr\u00e9sentes CGV et les op\u00e9rations qui en d\u00e9coulent sont r\u00e9gies et soumises au droit fran\u00e7ais.<\/p>\n\n\n\n<p>Les pr\u00e9sentes CGV sont r\u00e9dig\u00e9es en langue fran\u00e7aise. Dans le cas o\u00f9 elles seraient traduites en une ou plusieurs langues \u00e9trang\u00e8res, seul le texte fran\u00e7ais ferait foi en cas de litige.<\/p>\n\n\n\n<p>En vertu de l\u2019article L. 612-1 du Code de la consommation \u00ab\u00a0Tout consommateur a le droit de recourir gratuitement \u00e0 un m\u00e9diateur de la consommation en vue de la r\u00e9siliation amiable du litige qui l\u2019oppose \u00e0 un professionnel.\u00a0\u00bb Les litiges entrant dans le champ d\u2019application de l\u2019article L. 612-1 du Code de la consommation sont les litiges d\u00e9finis \u00e0 l\u2019article L. 611-1 du Code de la consommation \u00e0 savoir les litiges de nature contractuelle, portant sur l\u2019ex\u00e9cution d\u2019un contrat de vente ou de fournitures de services, opposant un consommateur \u00e0 un professionnel. Le texte couvre les litiges nationaux et les litiges transfrontaliers.&nbsp;<\/p>\n\n\n\n<p>Pour toute difficult\u00e9, nous vous invitons \u00e0 nous contacter pr\u00e9alablement par mail clairement exprim\u00e9 via la page&nbsp;<a href=\"https:\/\/www.destinaction.fr\/index.php\/comment-nous-contacter\/\">Contact<\/a>. Seules les r\u00e9clamations relatives \u00e0 la vente des Prestations propos\u00e9es par le Vendeur sur le Site seront prises en compte.<\/p>\n\n\n\n<p>Tout litige reste soumis au droit fran\u00e7ais et donc aux juridictions comp\u00e9tentes.<\/p>\n\n\n\n<p>V.1.01.2025<\/p>\n","protected":false},"excerpt":{"rendered":"<p>Article 1 : Le Vendeur SAS DESTINACTION 433 Route de St Galmier 42210 Bellegarde en ForezT\u00e9l\u00e9phone : +33(0)659776994SIRET : 939 268 215 00018N\u00b0 TVA intracommunautaire &hellip; <\/p>\n","protected":false},"author":1,"featured_media":0,"parent":0,"menu_order":0,"comment_status":"closed","ping_status":"closed","template":"","meta":{"footnotes":""},"class_list":["post-426","page","type-page","status-publish","hentry","latest_post"],"jetpack_sharing_enabled":true,"_links":{"self":[{"href":"https:\/\/www.destinaction.fr\/index.php\/wp-json\/wp\/v2\/pages\/426","targetHints":{"allow":["GET"]}}],"collection":[{"href":"https:\/\/www.destinaction.fr\/index.php\/wp-json\/wp\/v2\/pages"}],"about":[{"href":"https:\/\/www.destinaction.fr\/index.php\/wp-json\/wp\/v2\/types\/page"}],"author":[{"embeddable":true,"href":"https:\/\/www.destinaction.fr\/index.php\/wp-json\/wp\/v2\/users\/1"}],"replies":[{"embeddable":true,"href":"https:\/\/www.destinaction.fr\/index.php\/wp-json\/wp\/v2\/comments?post=426"}],"version-history":[{"count":4,"href":"https:\/\/www.destinaction.fr\/index.php\/wp-json\/wp\/v2\/pages\/426\/revisions"}],"predecessor-version":[{"id":436,"href":"https:\/\/www.destinaction.fr\/index.php\/wp-json\/wp\/v2\/pages\/426\/revisions\/436"}],"wp:attachment":[{"href":"https:\/\/www.destinaction.fr\/index.php\/wp-json\/wp\/v2\/media?parent=426"}],"curies":[{"name":"wp","href":"https:\/\/api.w.org\/{rel}","templated":true}]}}